{"id":672,"date":"2021-07-08T12:51:55","date_gmt":"2021-07-08T12:51:55","guid":{"rendered":"https:\/\/bridge459.qodeinteractive.com\/?page_id=282"},"modified":"2022-04-08T14:27:50","modified_gmt":"2022-04-08T14:27:50","slug":"home","status":"publish","type":"page","link":"https:\/\/affectionate-benz.51-83-109-90.plesk.page\/","title":{"rendered":"Home"},"content":{"rendered":"\t\t<div data-elementor-type=\"wp-page\" data-elementor-id=\"672\" class=\"elementor elementor-672\">\n\t\t\t\t\t\t\t\t\t<section class=\"elementor-section elementor-top-section elementor-element elementor-element-02bafb2 elementor-section-full_width qode_elementor_container_inner elementor-section-height-default elementor-section-height-default parallax_section_no\" data-id=\"02bafb2\" data-element_type=\"section\">\n\t\t\t\t\t\t<div class=\"elementor-container elementor-column-gap-default\">\n\t\t\t\t\t<div class=\"elementor-column elementor-col-50 elementor-top-column elementor-element elementor-element-11bc55e\" data-id=\"11bc55e\" data-element_type=\"column\">\n\t\t\t<div class=\"elementor-widget-wrap elementor-element-populated\">\n\t\t\t\t\t\t\t\t<div class=\"elementor-element elementor-element-8ee51b8 elementor-widget elementor-widget-bridge_banner\" data-id=\"8ee51b8\" data-element_type=\"widget\" data-widget_type=\"bridge_banner.default\">\n\t\t\t\t<div class=\"elementor-widget-container\">\n\t\t\t<div class=\"qode-banner qode-banner-va-top\"><a class=\"qode-banner-link\" href=\"#\" target=\"_self\"><\/a><div class=\"qode-banner-image\"><img decoding=\"async\" itemprop=\"image\" src=\"https:\/\/affectionate-benz.51-83-109-90.plesk.page\/wp-content\/uploads\/2022\/04\/BIJOUTERIE-VIS-13092021-3_02.jpg\" alt=\"\" \/><\/div><div class=\"qode-banner-content\"><div class=\"qode-banner-content-inner\"><div class=\"qode-banner-text-holder\"><h3><a href=\"#\">Nouvelles collections<\/a><\/h3>\n<p style=\"color: #afafaf; font-weight: 500;\"><\/div><\/div><\/div><\/div>\t\t<\/div>\n\t\t\t\t<\/div>\n\t\t\t\t\t<\/div>\n\t\t<\/div>\n\t\t\t\t<div class=\"elementor-column elementor-col-50 elementor-top-column elementor-element elementor-element-11b9971\" data-id=\"11b9971\" data-element_type=\"column\">\n\t\t\t<div class=\"elementor-widget-wrap elementor-element-populated\">\n\t\t\t\t\t\t\t\t<section class=\"elementor-section elementor-inner-section elementor-element elementor-element-1f4672e elementor-section-full_width elementor-section-height-default elementor-section-height-default parallax_section_no qode_elementor_container_no\" data-id=\"1f4672e\" data-element_type=\"section\">\n\t\t\t\t\t\t<div class=\"elementor-container elementor-column-gap-default\">\n\t\t\t\t\t<div class=\"elementor-column elementor-col-50 elementor-inner-column elementor-element elementor-element-d28674a\" data-id=\"d28674a\" data-element_type=\"column\">\n\t\t\t<div class=\"elementor-widget-wrap elementor-element-populated\">\n\t\t\t\t\t\t\t\t<div class=\"elementor-element elementor-element-9e7d8d4 elementor-widget elementor-widget-bridge_banner\" data-id=\"9e7d8d4\" data-element_type=\"widget\" data-widget_type=\"bridge_banner.default\">\n\t\t\t\t<div class=\"elementor-widget-container\">\n\t\t\t<div class=\"qode-banner qode-banner-va-top\"><a class=\"qode-banner-link\" href=\"#\" target=\"_self\"><\/a><div class=\"qode-banner-image\"><img decoding=\"async\" itemprop=\"image\" src=\"https:\/\/affectionate-benz.51-83-109-90.plesk.page\/wp-content\/uploads\/2022\/04\/BIJOUTERIE-VIS-13092021-4_02-scaled.jpg\" alt=\"\" \/><\/div><div class=\"qode-banner-content\"><div class=\"qode-banner-content-inner\"><div class=\"qode-banner-text-holder\"><h3><a href=\"#\">Bagues<\/a><\/h3>\n<p style=\"color: #afafaf; font-weight: 500;\"><\/div><\/div><\/div><\/div>\t\t<\/div>\n\t\t\t\t<\/div>\n\t\t\t\t\t<\/div>\n\t\t<\/div>\n\t\t\t\t<div class=\"elementor-column elementor-col-50 elementor-inner-column elementor-element elementor-element-1c118da\" data-id=\"1c118da\" data-element_type=\"column\">\n\t\t\t<div class=\"elementor-widget-wrap elementor-element-populated\">\n\t\t\t\t\t\t\t\t<div class=\"elementor-element elementor-element-c93a0e2 elementor-widget elementor-widget-bridge_banner\" data-id=\"c93a0e2\" data-element_type=\"widget\" data-widget_type=\"bridge_banner.default\">\n\t\t\t\t<div class=\"elementor-widget-container\">\n\t\t\t<div class=\"qode-banner qode-banner-va-top\"><a class=\"qode-banner-link\" href=\"#\" target=\"_self\"><\/a><div class=\"qode-banner-image\"><img decoding=\"async\" itemprop=\"image\" src=\"https:\/\/affectionate-benz.51-83-109-90.plesk.page\/wp-content\/uploads\/2022\/04\/BIJOUTERIE-VIS-13092021-6_02-scaled.jpg\" alt=\"\" \/><\/div><div class=\"qode-banner-content\"><div class=\"qode-banner-content-inner\"><div class=\"qode-banner-text-holder\"><h3><a href=\"#\">Colliers<\/a><\/h3>\n<p style=\"color: #afafaf; font-weight: 500;\"><\/div><\/div><\/div><\/div>\t\t<\/div>\n\t\t\t\t<\/div>\n\t\t\t\t\t<\/div>\n\t\t<\/div>\n\t\t\t\t\t\t\t<\/div>\n\t\t<\/section>\n\t\t\t\t<section class=\"elementor-section elementor-inner-section elementor-element elementor-element-bc7066d elementor-section-full_width elementor-section-content-bottom elementor-section-height-default elementor-section-height-default parallax_section_no qode_elementor_container_no\" data-id=\"bc7066d\" data-element_type=\"section\">\n\t\t\t\t\t\t<div class=\"elementor-container elementor-column-gap-default\">\n\t\t\t\t\t<div class=\"elementor-column elementor-col-50 elementor-inner-column elementor-element elementor-element-c8f9336\" data-id=\"c8f9336\" data-element_type=\"column\">\n\t\t\t<div class=\"elementor-widget-wrap elementor-element-populated\">\n\t\t\t\t\t\t\t\t<div class=\"elementor-element elementor-element-1221a6c elementor-widget elementor-widget-bridge_banner\" data-id=\"1221a6c\" data-element_type=\"widget\" data-widget_type=\"bridge_banner.default\">\n\t\t\t\t<div class=\"elementor-widget-container\">\n\t\t\t<div class=\"qode-banner qode-banner-va-top\"><a class=\"qode-banner-link\" href=\"#\" target=\"_self\"><\/a><div class=\"qode-banner-image\"><img decoding=\"async\" itemprop=\"image\" src=\"https:\/\/affectionate-benz.51-83-109-90.plesk.page\/wp-content\/uploads\/2022\/04\/BIJOUTERIE-VIS-13092021-31_02-scaled.jpg\" alt=\"\" \/><\/div><div class=\"qode-banner-content\"><div class=\"qode-banner-content-inner\"><div class=\"qode-banner-text-holder\"><h3><a href=\"#\">Diamant<\/a><\/h3>\n<p style=\"color: #afafaf; font-weight: 500;\"><\/div><\/div><\/div><\/div>\t\t<\/div>\n\t\t\t\t<\/div>\n\t\t\t\t\t<\/div>\n\t\t<\/div>\n\t\t\t\t<div class=\"elementor-column elementor-col-50 elementor-inner-column elementor-element elementor-element-bb5bcac\" data-id=\"bb5bcac\" data-element_type=\"column\">\n\t\t\t<div class=\"elementor-widget-wrap elementor-element-populated\">\n\t\t\t\t\t\t\t\t<div class=\"elementor-element elementor-element-7887dda elementor-widget elementor-widget-bridge_banner\" data-id=\"7887dda\" data-element_type=\"widget\" data-widget_type=\"bridge_banner.default\">\n\t\t\t\t<div class=\"elementor-widget-container\">\n\t\t\t<div class=\"qode-banner qode-banner-va-top\"><a class=\"qode-banner-link\" href=\"#\" target=\"_self\"><\/a><div class=\"qode-banner-image\"><img decoding=\"async\" itemprop=\"image\" src=\"https:\/\/affectionate-benz.51-83-109-90.plesk.page\/wp-content\/uploads\/2022\/04\/BIJOUTERIE-VIS-13092021-44_02.jpg\" alt=\"\" \/><\/div><div class=\"qode-banner-content\"><div class=\"qode-banner-content-inner\"><div class=\"qode-banner-text-holder\"><h3><a href=\"#\">Saphir<\/a><\/h3>\n<p style=\"color: #afafaf; font-weight: 500;\"><\/div><\/div><\/div><\/div>\t\t<\/div>\n\t\t\t\t<\/div>\n\t\t\t\t\t<\/div>\n\t\t<\/div>\n\t\t\t\t\t\t\t<\/div>\n\t\t<\/section>\n\t\t\t\t\t<\/div>\n\t\t<\/div>\n\t\t\t\t\t\t\t<\/div>\n\t\t<\/section>\n\t\t\t\t<section class=\"elementor-section elementor-top-section elementor-element elementor-element-c4dd04a elementor-section-full_width qode_elementor_container_inner elementor-section-height-default elementor-section-height-default parallax_section_no\" data-id=\"c4dd04a\" data-element_type=\"section\">\n\t\t\t\t\t\t<div class=\"elementor-container elementor-column-gap-default\">\n\t\t\t\t\t<div class=\"elementor-column elementor-col-50 elementor-top-column elementor-element elementor-element-b04df0d\" data-id=\"b04df0d\" data-element_type=\"column\">\n\t\t\t<div class=\"elementor-widget-wrap elementor-element-populated\">\n\t\t\t\t\t\t\t\t<div class=\"elementor-element elementor-element-6f436c8 elementor-widget elementor-widget-image\" data-id=\"6f436c8\" data-element_type=\"widget\" data-widget_type=\"image.default\">\n\t\t\t\t<div class=\"elementor-widget-container\">\n\t\t\t<style>\/*! elementor - v3.6.2 - 04-04-2022 *\/\n.elementor-widget-image{text-align:center}.elementor-widget-image a{display:inline-block}.elementor-widget-image a img[src$=\".svg\"]{width:48px}.elementor-widget-image img{vertical-align:middle;display:inline-block}<\/style>\t\t\t\t\t\t\t\t\t\t\t\t<img loading=\"lazy\" decoding=\"async\" width=\"800\" height=\"534\" src=\"https:\/\/affectionate-benz.51-83-109-90.plesk.page\/wp-content\/uploads\/2022\/04\/VITRINES-06.10.10-067-1.jpg\" class=\"attachment-full size-full\" alt=\"\" srcset=\"https:\/\/affectionate-benz.51-83-109-90.plesk.page\/wp-content\/uploads\/2022\/04\/VITRINES-06.10.10-067-1.jpg 800w, https:\/\/affectionate-benz.51-83-109-90.plesk.page\/wp-content\/uploads\/2022\/04\/VITRINES-06.10.10-067-1-300x200.jpg 300w, https:\/\/affectionate-benz.51-83-109-90.plesk.page\/wp-content\/uploads\/2022\/04\/VITRINES-06.10.10-067-1-768x513.jpg 768w, https:\/\/affectionate-benz.51-83-109-90.plesk.page\/wp-content\/uploads\/2022\/04\/VITRINES-06.10.10-067-1-700x467.jpg 700w\" sizes=\"auto, (max-width: 800px) 100vw, 800px\" \/>\t\t\t\t\t\t\t\t\t\t\t\t\t\t\t<\/div>\n\t\t\t\t<\/div>\n\t\t\t\t\t<\/div>\n\t\t<\/div>\n\t\t\t\t<div class=\"elementor-column elementor-col-50 elementor-top-column elementor-element elementor-element-66cd773\" data-id=\"66cd773\" data-element_type=\"column\">\n\t\t\t<div class=\"elementor-widget-wrap elementor-element-populated\">\n\t\t\t\t\t\t\t\t<div class=\"elementor-element elementor-element-fc87614 elementor-widget elementor-widget-text-editor\" data-id=\"fc87614\" data-element_type=\"widget\" data-widget_type=\"text-editor.default\">\n\t\t\t\t<div class=\"elementor-widget-container\">\n\t\t\t<style>\/*! elementor - v3.6.2 - 04-04-2022 *\/\n.elementor-widget-text-editor.elementor-drop-cap-view-stacked .elementor-drop-cap{background-color:#818a91;color:#fff}.elementor-widget-text-editor.elementor-drop-cap-view-framed .elementor-drop-cap{color:#818a91;border:3px solid;background-color:transparent}.elementor-widget-text-editor:not(.elementor-drop-cap-view-default) .elementor-drop-cap{margin-top:8px}.elementor-widget-text-editor:not(.elementor-drop-cap-view-default) .elementor-drop-cap-letter{width:1em;height:1em}.elementor-widget-text-editor .elementor-drop-cap{float:left;text-align:center;line-height:1;font-size:50px}.elementor-widget-text-editor .elementor-drop-cap-letter{display:inline-block}<\/style>\t\t\t\t<h5>Etablie et connue \u00e0 Berck, au c\u0153ur de la ville, depuis de tr\u00e8s nombreuses ann\u00e9es, la bijouterie joaillerie Vis est heureuse de vous accueillir chaleureusement dans un cadre d\u2019authenticit\u00e9.<\/h5>\t\t\t\t\t\t<\/div>\n\t\t\t\t<\/div>\n\t\t\t\t\t<\/div>\n\t\t<\/div>\n\t\t\t\t\t\t\t<\/div>\n\t\t<\/section>\n\t\t\t\t<section class=\"elementor-section elementor-top-section elementor-element elementor-element-41af73f elementor-section-boxed elementor-section-height-default elementor-section-height-default parallax_section_no qode_elementor_container_no\" data-id=\"41af73f\" data-element_type=\"section\">\n\t\t\t\t\t\t<div class=\"elementor-container elementor-column-gap-default\">\n\t\t\t\t\t<div class=\"elementor-column elementor-col-100 elementor-top-column elementor-element elementor-element-435edb4\" data-id=\"435edb4\" data-element_type=\"column\">\n\t\t\t<div class=\"elementor-widget-wrap elementor-element-populated\">\n\t\t\t\t\t\t\t\t<div class=\"elementor-element elementor-element-aa949b5 elementor-widget elementor-widget-google_maps\" data-id=\"aa949b5\" data-element_type=\"widget\" data-widget_type=\"google_maps.default\">\n\t\t\t\t<div class=\"elementor-widget-container\">\n\t\t\t<style>\/*! elementor - v3.6.2 - 04-04-2022 *\/\n.elementor-widget-google_maps .elementor-widget-container{overflow:hidden}.elementor-widget-google_maps iframe{height:300px}<\/style>\t\t<div class=\"elementor-custom-embed\">\n\t\t\t<iframe frameborder=\"0\" scrolling=\"no\" marginheight=\"0\" marginwidth=\"0\"\n\t\t\t\t\tsrc=\"https:\/\/maps.google.com\/maps?q=46%20Rue%20Carnot%2C%2062600%20Berck&#038;t=m&#038;z=15&#038;output=embed&#038;iwloc=near\"\n\t\t\t\t\ttitle=\"46 Rue Carnot, 62600 Berck\"\n\t\t\t\t\taria-label=\"46 Rue Carnot, 62600 Berck\"\n\t\t\t><\/iframe>\n\t\t<\/div>\n\t\t\t\t<\/div>\n\t\t\t\t<\/div>\n\t\t\t\t\t<\/div>\n\t\t<\/div>\n\t\t\t\t\t\t\t<\/div>\n\t\t<\/section>\n\t\t\t\t\t\t\t<\/div>\n\t\t","protected":false},"excerpt":{"rendered":"<p>Nouvelles collections Bagues Colliers Diamant Saphir Etablie et connue \u00e0 Berck, au c\u0153ur de la ville, depuis de tr\u00e8s nombreuses ann\u00e9es, la bijouterie joaillerie Vis est heureuse de vous accueillir chaleureusement dans un cadre d\u2019authenticit\u00e9.<\/p>\n","protected":false},"author":1,"featured_media":0,"parent":0,"menu_order":0,"comment_status":"closed","ping_status":"closed","template":"full_width.php","meta":{"footnotes":""},"class_list":["post-672","page","type-page","status-publish","hentry"],"_links":{"self":[{"href":"https:\/\/affectionate-benz.51-83-109-90.plesk.page\/index.php?rest_route=\/wp\/v2\/pages\/672","targetHints":{"allow":["GET"]}}],"collection":[{"href":"https:\/\/affectionate-benz.51-83-109-90.plesk.page\/index.php?rest_route=\/wp\/v2\/pages"}],"about":[{"href":"https:\/\/affectionate-benz.51-83-109-90.plesk.page\/index.php?rest_route=\/wp\/v2\/types\/page"}],"author":[{"embeddable":true,"href":"https:\/\/affectionate-benz.51-83-109-90.plesk.page\/index.php?rest_route=\/wp\/v2\/users\/1"}],"replies":[{"embeddable":true,"href":"https:\/\/affectionate-benz.51-83-109-90.plesk.page\/index.php?rest_route=%2Fwp%2Fv2%2Fcomments&post=672"}],"version-history":[{"count":9,"href":"https:\/\/affectionate-benz.51-83-109-90.plesk.page\/index.php?rest_route=\/wp\/v2\/pages\/672\/revisions"}],"predecessor-version":[{"id":714,"href":"https:\/\/affectionate-benz.51-83-109-90.plesk.page\/index.php?rest_route=\/wp\/v2\/pages\/672\/revisions\/714"}],"wp:attachment":[{"href":"https:\/\/affectionate-benz.51-83-109-90.plesk.page\/index.php?rest_route=%2Fwp%2Fv2%2Fmedia&parent=672"}],"curies":[{"name":"wp","href":"https:\/\/api.w.org\/{rel}","templated":true}]}}